{"id":29225,"date":"2023-09-05T12:16:05","date_gmt":"2023-09-05T10:16:05","guid":{"rendered":"https:\/\/christian-rattaz.ch\/?page_id=29225"},"modified":"2025-09-15T11:10:00","modified_gmt":"2025-09-15T09:10:00","slug":"christian-rattaz-peintre-en-decors","status":"publish","type":"page","link":"https:\/\/christian-rattaz.ch\/en\/","title":{"rendered":"Christian Rattaz Peintre en D\u00e9cors"},"content":{"rendered":"<div data-elementor-type=\"wp-page\" data-elementor-id=\"29225\" class=\"elementor elementor-29225\">\n\t\t\t\t\t\t<section class=\"elementor-section elementor-top-section elementor-element elementor-element-6614a40 elementor-section-boxed elementor-section-height-default elementor-section-height-default\" data-id=\"6614a40\" data-element_type=\"section\" data-e-type=\"section\">\n\t\t\t\t\t\t<div class=\"elementor-container elementor-column-gap-default\">\n\t\t\t\t\t<div class=\"elementor-column elementor-col-100 elementor-top-column elementor-element elementor-element-d8eb00b\" data-id=\"d8eb00b\" data-element_type=\"column\" data-e-type=\"column\">\n\t\t\t<div class=\"elementor-widget-wrap elementor-element-populated\">\n\t\t\t\t\t\t<div class=\"elementor-element elementor-element-fd6c102 elementor-widget elementor-widget-heading\" data-id=\"fd6c102\" data-element_type=\"widget\" data-e-type=\"widget\" data-widget_type=\"heading.default\">\n\t\t\t\t<div class=\"elementor-widget-container\">\n\t\t\t\t\t<h2 class=\"elementor-heading-title elementor-size-default\">Welcome to the homepage of Christian Rattaz<br>decorative painter, Corseaux<\/h2>\t\t\t\t<\/div>\n\t\t\t\t<\/div>\n\t\t\t\t\t<\/div>\n\t\t<\/div>\n\t\t\t\t\t<\/div>\n\t\t<\/section>\n\t\t\t\t<section class=\"elementor-section elementor-top-section elementor-element elementor-element-cb4b077 elementor-section-boxed elementor-section-height-default elementor-section-height-default\" data-id=\"cb4b077\" data-element_type=\"section\" data-e-type=\"section\">\n\t\t\t\t\t\t<div class=\"elementor-container elementor-column-gap-default\">\n\t\t\t\t\t<div class=\"elementor-column elementor-col-50 elementor-top-column elementor-element elementor-element-72308ad\" data-id=\"72308ad\" data-element_type=\"column\" data-e-type=\"column\">\n\t\t\t<div class=\"elementor-widget-wrap elementor-element-populated\">\n\t\t\t\t\t\t<div class=\"elementor-element elementor-element-f13ab94 elementor-widget elementor-widget-text-editor\" data-id=\"f13ab94\" data-element_type=\"widget\" data-e-type=\"widget\" data-widget_type=\"text-editor.default\">\n\t\t\t\t<div class=\"elementor-widget-container\">\n\t\t\t\t\t\t\t\t\t<p>With a diploma from the Institut Sup\u00e9rieur de Peinture D\u00e9corative de Paris, I create various types of decoration such as faux wood, faux marble, patinas, restoration, gilding, stucco, etc.<\/p>\t\t\t\t\t\t\t\t<\/div>\n\t\t\t\t<\/div>\n\t\t\t\t\t<\/div>\n\t\t<\/div>\n\t\t\t\t<div class=\"elementor-column elementor-col-50 elementor-top-column elementor-element elementor-element-28f98c6\" data-id=\"28f98c6\" data-element_type=\"column\" data-e-type=\"column\">\n\t\t\t<div class=\"elementor-widget-wrap elementor-element-populated\">\n\t\t\t\t\t\t<div class=\"elementor-element elementor-element-31a3749 elementor-arrows-position-inside elementor-pagination-position-outside elementor-widget elementor-widget-image-carousel\" data-id=\"31a3749\" data-element_type=\"widget\" data-e-type=\"widget\" data-settings=\"{&quot;slides_to_show&quot;:&quot;1&quot;,&quot;navigation&quot;:&quot;both&quot;,&quot;autoplay&quot;:&quot;yes&quot;,&quot;pause_on_hover&quot;:&quot;yes&quot;,&quot;pause_on_interaction&quot;:&quot;yes&quot;,&quot;autoplay_speed&quot;:5000,&quot;infinite&quot;:&quot;yes&quot;,&quot;effect&quot;:&quot;slide&quot;,&quot;speed&quot;:500}\" data-widget_type=\"image-carousel.default\">\n\t\t\t\t<div class=\"elementor-widget-container\">\n\t\t\t\t\t\t\t<div class=\"elementor-image-carousel-wrapper swiper\" role=\"region\" aria-roledescription=\"carousel\" aria-label=\"Image Carousel\" dir=\"ltr\">\n\t\t\t<div class=\"elementor-image-carousel swiper-wrapper\" aria-live=\"off\">\n\t\t\t\t\t\t\t\t<div class=\"swiper-slide\" role=\"group\" aria-roledescription=\"slide\" aria-label=\"1 of 12\"><figure class=\"swiper-slide-inner\"><img decoding=\"async\" class=\"swiper-slide-image\" src=\"https:\/\/i0.wp.com\/christian-rattaz.ch\/wp-content\/uploads\/2022\/01\/ImitationNoyerWeb.webp?resize=150%2C150&amp;ssl=1\" alt=\"D\u00e9cor cr\u00e9\u00e9 par Christian Rattaz\" \/><figcaption class=\"elementor-image-carousel-caption\">Trompe-l'oeil walnut door<\/figcaption><\/figure><\/div><div class=\"swiper-slide\" role=\"group\" aria-roledescription=\"slide\" aria-label=\"2 of 12\"><figure class=\"swiper-slide-inner\"><img decoding=\"async\" class=\"swiper-slide-image\" src=\"https:\/\/i0.wp.com\/christian-rattaz.ch\/wp-content\/uploads\/2022\/01\/imitation-pierre.webp?resize=150%2C150&amp;ssl=1\" alt=\"Imitation pierre par Christian Rattaz\" \/><figcaption class=\"elementor-image-carousel-caption\">Vault imitation stone<\/figcaption><\/figure><\/div><div class=\"swiper-slide\" role=\"group\" aria-roledescription=\"slide\" aria-label=\"3 of 12\"><figure class=\"swiper-slide-inner\"><img decoding=\"async\" class=\"swiper-slide-image\" src=\"https:\/\/i0.wp.com\/christian-rattaz.ch\/wp-content\/uploads\/2022\/01\/jaune-de-sienne.2.webp?resize=150%2C150&amp;ssl=1\" alt=\"Imitation marbre par Christian Rattaz\" \/><figcaption class=\"elementor-image-carousel-caption\">Imitation Sienna yellow marble<\/figcaption><\/figure><\/div><div class=\"swiper-slide\" role=\"group\" aria-roledescription=\"slide\" aria-label=\"4 of 12\"><figure class=\"swiper-slide-inner\"><img decoding=\"async\" class=\"swiper-slide-image\" src=\"https:\/\/i0.wp.com\/christian-rattaz.ch\/wp-content\/uploads\/2022\/01\/imitation-marbre-2.webp?resize=150%2C150&amp;ssl=1\" alt=\"Imitation marbre par Christian Rattaz\" \/><figcaption class=\"elementor-image-carousel-caption\">Imitation marble and gilding<\/figcaption><\/figure><\/div><div class=\"swiper-slide\" role=\"group\" aria-roledescription=\"slide\" aria-label=\"5 of 12\"><figure class=\"swiper-slide-inner\"><img decoding=\"async\" class=\"swiper-slide-image\" src=\"https:\/\/i0.wp.com\/christian-rattaz.ch\/wp-content\/uploads\/2022\/01\/carrare.webp?resize=150%2C150&amp;ssl=1\" alt=\"Imitation marbre par Christian Rattaz\" \/><figcaption class=\"elementor-image-carousel-caption\">Imitation Carrara marble<\/figcaption><\/figure><\/div><div class=\"swiper-slide\" role=\"group\" aria-roledescription=\"slide\" aria-label=\"6 of 12\"><figure class=\"swiper-slide-inner\"><img decoding=\"async\" class=\"swiper-slide-image\" src=\"https:\/\/i0.wp.com\/christian-rattaz.ch\/wp-content\/uploads\/2022\/01\/DSCN6298-copie.webp?resize=150%2C150&amp;ssl=1\" alt=\"Imitation marbre et dorure par Christian Rattaz\" \/><figcaption class=\"elementor-image-carousel-caption\">Imitation marble and gilding<\/figcaption><\/figure><\/div><div class=\"swiper-slide\" role=\"group\" aria-roledescription=\"slide\" aria-label=\"7 of 12\"><figure class=\"swiper-slide-inner\"><img decoding=\"async\" class=\"swiper-slide-image\" src=\"https:\/\/i0.wp.com\/christian-rattaz.ch\/wp-content\/uploads\/2022\/01\/canvas.webp?resize=150%2C150&amp;ssl=1\" alt=\"Imitation marbre par Christian Rattaz\" \/><figcaption class=\"elementor-image-carousel-caption\">Imitation marble - composition<\/figcaption><\/figure><\/div><div class=\"swiper-slide\" role=\"group\" aria-roledescription=\"slide\" aria-label=\"8 of 12\"><figure class=\"swiper-slide-inner\"><img decoding=\"async\" class=\"swiper-slide-image\" src=\"https:\/\/i0.wp.com\/christian-rattaz.ch\/wp-content\/uploads\/2022\/01\/DSCN2932-copie.webp?resize=150%2C150&amp;ssl=1\" alt=\"D\u00e9cor avant-toit par Christian Rattaz\" \/><figcaption class=\"elementor-image-carousel-caption\">Art deco style eaves<\/figcaption><\/figure><\/div><div class=\"swiper-slide\" role=\"group\" aria-roledescription=\"slide\" aria-label=\"9 of 12\"><figure class=\"swiper-slide-inner\"><img decoding=\"async\" class=\"swiper-slide-image\" src=\"https:\/\/i0.wp.com\/christian-rattaz.ch\/wp-content\/uploads\/2022\/01\/breche-grise.webp?resize=150%2C150&amp;ssl=1\" alt=\"Imitation marbre par Christian Rattaz\" \/><figcaption class=\"elementor-image-carousel-caption\">Imitation grey breccia marble<\/figcaption><\/figure><\/div><div class=\"swiper-slide\" role=\"group\" aria-roledescription=\"slide\" aria-label=\"10 of 12\"><figure class=\"swiper-slide-inner\"><img decoding=\"async\" class=\"swiper-slide-image\" src=\"https:\/\/i0.wp.com\/christian-rattaz.ch\/wp-content\/uploads\/2022\/01\/corniche-en-trompe-l-oeil.webp?resize=150%2C150&amp;ssl=1\" alt=\"Corniche en trompe l&#039;oeil par Christian Rattaz\" \/><figcaption class=\"elementor-image-carousel-caption\">Trompe-l'oeil cornice<\/figcaption><\/figure><\/div><div class=\"swiper-slide\" role=\"group\" aria-roledescription=\"slide\" aria-label=\"11 of 12\"><figure class=\"swiper-slide-inner\"><img decoding=\"async\" class=\"swiper-slide-image\" src=\"https:\/\/i0.wp.com\/christian-rattaz.ch\/wp-content\/uploads\/2022\/01\/imitation-marbre-3-1.webp?resize=150%2C150&amp;ssl=1\" alt=\"Imitation marbre par Christian Rattaz\" \/><figcaption class=\"elementor-image-carousel-caption\">Imitation marble<\/figcaption><\/figure><\/div><div class=\"swiper-slide\" role=\"group\" aria-roledescription=\"slide\" aria-label=\"12 of 12\"><figure class=\"swiper-slide-inner\"><img decoding=\"async\" class=\"swiper-slide-image\" src=\"https:\/\/i0.wp.com\/christian-rattaz.ch\/wp-content\/uploads\/2022\/01\/patine.webp?resize=150%2C150&amp;ssl=1\" alt=\"Patine par Christian Rattaz\" \/><figcaption class=\"elementor-image-carousel-caption\">Wall patina<\/figcaption><\/figure><\/div>\t\t\t<\/div>\n\t\t\t\t\t\t\t\t\t\t\t\t<div class=\"elementor-swiper-button elementor-swiper-button-prev\" role=\"button\" tabindex=\"0\">\n\t\t\t\t\t\t<i aria-hidden=\"true\" class=\"eicon-chevron-left\"><\/i>\t\t\t\t\t<\/div>\n\t\t\t\t\t<div class=\"elementor-swiper-button elementor-swiper-button-next\" role=\"button\" tabindex=\"0\">\n\t\t\t\t\t\t<i aria-hidden=\"true\" class=\"eicon-chevron-right\"><\/i>\t\t\t\t\t<\/div>\n\t\t\t\t\n\t\t\t\t\t\t\t\t\t<div class=\"swiper-pagination\"><\/div>\n\t\t\t\t\t\t\t\t\t<\/div>\n\t\t\t\t\t\t<\/div>\n\t\t\t\t<\/div>\n\t\t\t\t\t<\/div>\n\t\t<\/div>\n\t\t\t\t\t<\/div>\n\t\t<\/section>\n\t\t\t\t<section class=\"elementor-section elementor-top-section elementor-element elementor-element-e3cec62 elementor-section-boxed elementor-section-height-default elementor-section-height-default\" data-id=\"e3cec62\" data-element_type=\"section\" data-e-type=\"section\">\n\t\t\t\t\t\t<div class=\"elementor-container elementor-column-gap-default\">\n\t\t\t\t\t<div class=\"elementor-column elementor-col-50 elementor-top-column elementor-element elementor-element-a94cdc9\" data-id=\"a94cdc9\" data-element_type=\"column\" data-e-type=\"column\">\n\t\t\t<div class=\"elementor-widget-wrap elementor-element-populated\">\n\t\t\t\t\t\t<div class=\"elementor-element elementor-element-21ba6db elementor-widget elementor-widget-heading\" data-id=\"21ba6db\" data-element_type=\"widget\" data-e-type=\"widget\" data-widget_type=\"heading.default\">\n\t\t\t\t<div class=\"elementor-widget-container\">\n\t\t\t\t\t<h4 class=\"elementor-heading-title elementor-size-default\">Who am I?<\/h4>\t\t\t\t<\/div>\n\t\t\t\t<\/div>\n\t\t\t\t<section class=\"elementor-section elementor-inner-section elementor-element elementor-element-8208007 elementor-section-boxed elementor-section-height-default elementor-section-height-default\" data-id=\"8208007\" data-element_type=\"section\" data-e-type=\"section\">\n\t\t\t\t\t\t<div class=\"elementor-container elementor-column-gap-default\">\n\t\t\t\t\t<div class=\"elementor-column elementor-col-100 elementor-inner-column elementor-element elementor-element-2eb7ced\" data-id=\"2eb7ced\" data-element_type=\"column\" data-e-type=\"column\">\n\t\t\t<div class=\"elementor-widget-wrap elementor-element-populated\">\n\t\t\t\t\t\t<div class=\"elementor-element elementor-element-b6f7d4a elementor-widget elementor-widget-text-editor\" data-id=\"b6f7d4a\" data-element_type=\"widget\" data-e-type=\"widget\" data-widget_type=\"text-editor.default\">\n\t\t\t\t<div class=\"elementor-widget-container\">\n\t\t\t\t\t\t\t\t\t<p>I am a painter-decorator. A profession that has existed since the dawn of time and has crossed all the centuries by adapting to the needs, as they arose. Initially a plasterer-painter, I had the opportunity to work with certain craftsmen-decorators. It was a revelation for me!<\/p>\t\t\t\t\t\t\t\t<\/div>\n\t\t\t\t<\/div>\n\t\t\t\t\t<\/div>\n\t\t<\/div>\n\t\t\t\t\t<\/div>\n\t\t<\/section>\n\t\t\t\t\t<\/div>\n\t\t<\/div>\n\t\t\t\t<div class=\"elementor-column elementor-col-50 elementor-top-column elementor-element elementor-element-a485f15\" data-id=\"a485f15\" data-element_type=\"column\" data-e-type=\"column\">\n\t\t\t<div class=\"elementor-widget-wrap elementor-element-populated\">\n\t\t\t\t\t\t<div class=\"elementor-element elementor-element-104d52e elementor-widget elementor-widget-heading\" data-id=\"104d52e\" data-element_type=\"widget\" data-e-type=\"widget\" data-widget_type=\"heading.default\">\n\t\t\t\t<div class=\"elementor-widget-container\">\n\t\t\t\t\t<h4 class=\"elementor-heading-title elementor-size-default\">After apprenticeship<\/h4>\t\t\t\t<\/div>\n\t\t\t\t<\/div>\n\t\t\t\t<div class=\"elementor-element elementor-element-7afe503 elementor-widget elementor-widget-text-editor\" data-id=\"7afe503\" data-element_type=\"widget\" data-e-type=\"widget\" data-widget_type=\"text-editor.default\">\n\t\t\t\t<div class=\"elementor-widget-container\">\n\t\t\t\t\t\t\t\t\t<p>After finishing as the first apprentice in the canton of Vaud, I continued to train in different techniques of lime plastering, stucco, the manufacture of staffs, etc\u2026<\/p><p>Then, Paris, to specialize in the study of various decorative paintings, as well as trompe-l\u2019oeil.<\/p>\t\t\t\t\t\t\t\t<\/div>\n\t\t\t\t<\/div>\n\t\t\t\t\t<\/div>\n\t\t<\/div>\n\t\t\t\t\t<\/div>\n\t\t<\/section>\n\t\t\t\t<section class=\"elementor-section elementor-top-section elementor-element elementor-element-bd7c1bf elementor-section-boxed elementor-section-height-default elementor-section-height-default\" data-id=\"bd7c1bf\" data-element_type=\"section\" data-e-type=\"section\">\n\t\t\t\t\t\t<div class=\"elementor-container elementor-column-gap-default\">\n\t\t\t\t\t<div class=\"elementor-column elementor-col-50 elementor-top-column elementor-element elementor-element-3955a2c\" data-id=\"3955a2c\" data-element_type=\"column\" data-e-type=\"column\">\n\t\t\t<div class=\"elementor-widget-wrap elementor-element-populated\">\n\t\t\t\t\t\t<div class=\"elementor-element elementor-element-ad14203 elementor-widget elementor-widget-text-editor\" data-id=\"ad14203\" data-element_type=\"widget\" data-e-type=\"widget\" data-widget_type=\"text-editor.default\">\n\t\t\t\t<div class=\"elementor-widget-container\">\n\t\t\t\t\t\t\t\t\t<p><strong>For each client the work is personalized!<\/strong><\/p>\t\t\t\t\t\t\t\t<\/div>\n\t\t\t\t<\/div>\n\t\t\t\t<div class=\"elementor-element elementor-element-6479201 elementor-widget elementor-widget-text-editor\" data-id=\"6479201\" data-element_type=\"widget\" data-e-type=\"widget\" data-widget_type=\"text-editor.default\">\n\t\t\t\t<div class=\"elementor-widget-container\">\n\t\t\t\t\t\t\t\t\t<p>What a joy it is to paint other decors from day to day, to search for, find and use ancestral techniques that have often been lost over time.<\/p>\t\t\t\t\t\t\t\t<\/div>\n\t\t\t\t<\/div>\n\t\t\t\t\t<\/div>\n\t\t<\/div>\n\t\t\t\t<div class=\"elementor-column elementor-col-50 elementor-top-column elementor-element elementor-element-e603f3b\" data-id=\"e603f3b\" data-element_type=\"column\" data-e-type=\"column\">\n\t\t\t<div class=\"elementor-widget-wrap elementor-element-populated\">\n\t\t\t\t\t\t<div class=\"elementor-element elementor-element-ca82486 elementor-position-top elementor-widget elementor-widget-image-box\" data-id=\"ca82486\" data-element_type=\"widget\" data-e-type=\"widget\" data-widget_type=\"image-box.default\">\n\t\t\t\t<div class=\"elementor-widget-container\">\n\t\t\t\t\t<div class=\"elementor-image-box-wrapper\"><figure class=\"elementor-image-box-img\"><a href=\"https:\/\/metiersdart.ch\/fr_CH\/metiers-d-art\/repertoire-artisan\/rattaz-christian\" target=\"_blank\" tabindex=\"-1\"><img fetchpriority=\"high\" decoding=\"async\" width=\"600\" height=\"603\" src=\"https:\/\/i0.wp.com\/christian-rattaz.ch\/wp-content\/uploads\/2023\/02\/logo_jema.png?fit=600%2C603&amp;ssl=1\" class=\"attachment-full size-full wp-image-29166\" alt=\"\" srcset=\"https:\/\/i0.wp.com\/christian-rattaz.ch\/wp-content\/uploads\/2023\/02\/logo_jema.png?w=600&amp;ssl=1 600w, https:\/\/i0.wp.com\/christian-rattaz.ch\/wp-content\/uploads\/2023\/02\/logo_jema.png?resize=150%2C150&amp;ssl=1 150w, https:\/\/i0.wp.com\/christian-rattaz.ch\/wp-content\/uploads\/2023\/02\/logo_jema.png?resize=12%2C12&amp;ssl=1 12w\" sizes=\"(max-width: 600px) 100vw, 600px\" \/><\/a><\/figure><div class=\"elementor-image-box-content\"><p class=\"elementor-image-box-description\">Christian Rattaz opens his workshop for discovery\/demonstration workshops on request or during JEMA days.<\/p><\/div><\/div>\t\t\t\t<\/div>\n\t\t\t\t<\/div>\n\t\t\t\t\t<\/div>\n\t\t<\/div>\n\t\t\t\t\t<\/div>\n\t\t<\/section>\n\t\t\t\t<section class=\"elementor-section elementor-top-section elementor-element elementor-element-5cb650c elementor-section-boxed elementor-section-height-default elementor-section-height-default\" data-id=\"5cb650c\" data-element_type=\"section\" data-e-type=\"section\">\n\t\t\t\t\t\t<div class=\"elementor-container elementor-column-gap-default\">\n\t\t\t\t\t<div class=\"elementor-column elementor-col-100 elementor-top-column elementor-element elementor-element-8c2bf23\" data-id=\"8c2bf23\" data-element_type=\"column\" data-e-type=\"column\">\n\t\t\t<div class=\"elementor-widget-wrap elementor-element-populated\">\n\t\t\t\t\t\t<div class=\"elementor-element elementor-element-164dcd7 elementor-widget elementor-widget-text-editor\" data-id=\"164dcd7\" data-element_type=\"widget\" data-e-type=\"widget\" data-widget_type=\"text-editor.default\">\n\t\t\t\t<div class=\"elementor-widget-container\">\n\t\t\t\t\t\t\t\t\t<p><strong>Do not hesitate to contact me for any information.<\/strong><\/p>\t\t\t\t\t\t\t\t<\/div>\n\t\t\t\t<\/div>\n\t\t\t\t\t<\/div>\n\t\t<\/div>\n\t\t\t\t\t<\/div>\n\t\t<\/section>\n\t\t\t\t<\/div>","protected":false},"excerpt":{"rendered":"<p>Bienvenue sur le site de Christian Rattazpeintre en d\u00e9cors \u00e0 Corseaux Au b\u00e9n\u00e9fice d\u2019un dipl\u00f4me de l\u2019institut sup\u00e9rieur de peinture d\u00e9corative de Paris, je r\u00e9alise diff\u00e9rents d\u00e9cors comme le faux bois, faux marbre, patines, restauration, dorures, stucco, etc. Trompe-l&rsquo;oeil porte imitation noyer Vo\u00fbte imitation pierre Imitation marbre jaune de Sienne Imitation marbre et dorure Imitation [&hellip;]<\/p>\n","protected":false},"author":1,"featured_media":0,"parent":0,"menu_order":0,"comment_status":"closed","ping_status":"closed","template":"","meta":{"site-sidebar-layout":"default","site-content-layout":"","ast-site-content-layout":"default","site-content-style":"default","site-sidebar-style":"default","ast-global-header-display":"","ast-banner-title-visibility":"","ast-main-header-display":"","ast-hfb-above-header-display":"","ast-hfb-below-header-display":"","ast-hfb-mobile-header-display":"","site-post-title":"","ast-breadcrumbs-content":"","ast-featured-img":"","footer-sml-layout":"","ast-disable-related-posts":"","theme-transparent-header-meta":"","adv-header-id-meta":"","stick-header-meta":"","header-above-stick-meta":"","header-main-stick-meta":"","header-below-stick-meta":"","astra-migrate-meta-layouts":"set","ast-page-background-enabled":"default","ast-page-background-meta":{"desktop":{"background-color":"var(--ast-global-color-4)","background-image":"","background-repeat":"repeat","background-position":"center center","background-size":"auto","background-attachment":"scroll","background-type":"","background-media":"","overlay-type":"","overlay-color":"","overlay-opacity":"","overlay-gradient":""},"tablet":{"background-color":"","background-image":"","background-repeat":"repeat","background-position":"center center","background-size":"auto","background-attachment":"scroll","background-type":"","background-media":"","overlay-type":"","overlay-color":"","overlay-opacity":"","overlay-gradient":""},"mobile":{"background-color":"","background-image":"","background-repeat":"repeat","background-position":"center center","background-size":"auto","background-attachment":"scroll","background-type":"","background-media":"","overlay-type":"","overlay-color":"","overlay-opacity":"","overlay-gradient":""}},"ast-content-background-meta":{"desktop":{"background-color":"var(--ast-global-color-5)","background-image":"","background-repeat":"repeat","background-position":"center center","background-size":"auto","background-attachment":"scroll","background-type":"","background-media":"","overlay-type":"","overlay-color":"","overlay-opacity":"","overlay-gradient":""},"tablet":{"background-color":"var(--ast-global-color-5)","background-image":"","background-repeat":"repeat","background-position":"center center","background-size":"auto","background-attachment":"scroll","background-type":"","background-media":"","overlay-type":"","overlay-color":"","overlay-opacity":"","overlay-gradient":""},"mobile":{"background-color":"var(--ast-global-color-5)","background-image":"","background-repeat":"repeat","background-position":"center center","background-size":"auto","background-attachment":"scroll","background-type":"","background-media":"","overlay-type":"","overlay-color":"","overlay-opacity":"","overlay-gradient":""}},"footnotes":""},"class_list":["post-29225","page","type-page","status-publish","hentry"],"jetpack_sharing_enabled":true,"_links":{"self":[{"href":"https:\/\/christian-rattaz.ch\/en\/wp-json\/wp\/v2\/pages\/29225","targetHints":{"allow":["GET"]}}],"collection":[{"href":"https:\/\/christian-rattaz.ch\/en\/wp-json\/wp\/v2\/pages"}],"about":[{"href":"https:\/\/christian-rattaz.ch\/en\/wp-json\/wp\/v2\/types\/page"}],"author":[{"embeddable":true,"href":"https:\/\/christian-rattaz.ch\/en\/wp-json\/wp\/v2\/users\/1"}],"replies":[{"embeddable":true,"href":"https:\/\/christian-rattaz.ch\/en\/wp-json\/wp\/v2\/comments?post=29225"}],"version-history":[{"count":17,"href":"https:\/\/christian-rattaz.ch\/en\/wp-json\/wp\/v2\/pages\/29225\/revisions"}],"predecessor-version":[{"id":29283,"href":"https:\/\/christian-rattaz.ch\/en\/wp-json\/wp\/v2\/pages\/29225\/revisions\/29283"}],"wp:attachment":[{"href":"https:\/\/christian-rattaz.ch\/en\/wp-json\/wp\/v2\/media?parent=29225"}],"curies":[{"name":"wp","href":"https:\/\/api.w.org\/{rel}","templated":true}]}}